{"id":17,"date":"2024-10-11T02:41:25","date_gmt":"2024-10-11T02:41:25","guid":{"rendered":"https:\/\/materium.es\/es\/?page_id=17"},"modified":"2025-04-28T19:45:48","modified_gmt":"2025-04-28T19:45:48","slug":"acerca-de-taktik","status":"publish","type":"page","link":"https:\/\/materium.es\/es\/acerca-de-taktik\/","title":{"rendered":"Acerca de Taktik"},"content":{"rendered":"\t\t<div data-elementor-type=\"wp-page\" data-elementor-id=\"17\" class=\"elementor elementor-17\" data-elementor-post-type=\"page\">\n\t\t\t\t<div class=\"elementor-element elementor-element-47ec3ae e-flex e-con-boxed e-con e-parent\" data-id=\"47ec3ae\" data-element_type=\"container\" id=\"section_1\" data-settings=\"{&quot;background_background&quot;:&quot;classic&quot;,&quot;jet_parallax_layout_list&quot;:[]}\">\n\t\t\t\t\t<div class=\"e-con-inner\">\n\t\t<div class=\"elementor-element elementor-element-7282ac7 e-con-full e-flex e-con e-child\" data-id=\"7282ac7\" data-element_type=\"container\" data-settings=\"{&quot;background_background&quot;:&quot;classic&quot;,&quot;jet_parallax_layout_list&quot;:[],&quot;motion_fx_motion_fx_scrolling&quot;:&quot;yes&quot;,&quot;motion_fx_translateX_effect&quot;:&quot;yes&quot;,&quot;motion_fx_translateX_direction&quot;:&quot;negative&quot;,&quot;motion_fx_devices&quot;:[&quot;desktop&quot;,&quot;laptop&quot;],&quot;motion_fx_translateX_speed&quot;:{&quot;unit&quot;:&quot;px&quot;,&quot;size&quot;:4,&quot;sizes&quot;:[]},&quot;motion_fx_translateX_affectedRange&quot;:{&quot;unit&quot;:&quot;%&quot;,&quot;size&quot;:&quot;&quot;,&quot;sizes&quot;:{&quot;start&quot;:0,&quot;end&quot;:100}}}\">\n\t\t\t\t<div class=\"elementor-element elementor-element-2105fb4 elementor-widget elementor-widget-text-editor\" data-id=\"2105fb4\" data-element_type=\"widget\" data-widget_type=\"text-editor.default\">\n\t\t\t\t<div class=\"elementor-widget-container\">\n\t\t\t\t\t\t\t\t\t<p><span style=\"font-weight: 400;\">Estimados socios, clientes y miembros de la comunidad:<\/span><\/p><p><span style=\"font-weight: 400;\">Estamos orgullosos de anunciar el lanzamiento de Materium SL, una empresa dedicada a la comercializaci\u00f3n de productos de reciclaje a gran escala y en consecuencia a la preservaci\u00f3n de nuestro medio ambiente.<\/span><\/p><p><span style=\"font-weight: 400;\">Gracias a esta nueva ubicaci\u00f3n, podremos ofrecer nuestros servicios y productos reciclados con mayor proximidad y capacidad de respuesta. Esperamos colaborar con nuevos socios locales e internacionales y aportar nuestra experiencia a este mercado din\u00e1mico.<\/span><\/p><p><span style=\"font-weight: 400;\">Impulsados \u200b\u200bpor la pasi\u00f3n por el desarrollo sostenible, hemos reunido un equipo comprometido para ofrecer soluciones innovadoras y efectivas en la gesti\u00f3n de residuos.<\/span><\/p><p><span style=\"font-weight: 400;\">Esperamos trabajar con usted para lograr un futuro m\u00e1s verde y responsable. \u00a1Juntos hagamos la diferencia!<\/span><\/p><p><span style=\"font-weight: 400;\">No dude en contactarnos para conocer m\u00e1s sobre nuestros servicios y alianzas.<\/span><\/p><p><span style=\"font-weight: 400;\">Nos vemos pronto, <\/span><\/p><p><em><span style=\"font-weight: 400;\">El equipo de Materium SL<\/span><\/em><\/p>\t\t\t\t\t\t\t\t<\/div>\n\t\t\t\t<\/div>\n\t\t<div class=\"elementor-element elementor-element-d379f70 e-con-full elementor-hidden-desktop elementor-hidden-laptop elementor-hidden-tablet elementor-hidden-mobile e-flex e-con e-child\" data-id=\"d379f70\" data-element_type=\"container\" data-settings=\"{&quot;jet_parallax_layout_list&quot;:[]}\">\n\t\t\t\t<div class=\"elementor-element elementor-element-e3507e3 elementor-widget elementor-widget-heading\" data-id=\"e3507e3\" data-element_type=\"widget\" data-widget_type=\"heading.default\">\n\t\t\t\t<div class=\"elementor-widget-container\">\n\t\t\t\t\t<span class=\"elementor-heading-title elementor-size-default\">Yanick Fr\u00e9chette<\/span>\t\t\t\t<\/div>\n\t\t\t\t<\/div>\n\t\t\t\t<div class=\"elementor-element elementor-element-78177f7 elementor-widget elementor-widget-heading\" data-id=\"78177f7\" data-element_type=\"widget\" data-widget_type=\"heading.default\">\n\t\t\t\t<div class=\"elementor-widget-container\">\n\t\t\t\t\t<span class=\"elementor-heading-title elementor-size-default\">Pr\u00e9sident <\/span>\t\t\t\t<\/div>\n\t\t\t\t<\/div>\n\t\t\t\t<\/div>\n\t\t\t\t<\/div>\n\t\t\t\t\t<\/div>\n\t\t\t\t<\/div>\n\t\t<div class=\"elementor-element elementor-element-579c67f e-flex e-con-boxed e-con e-parent\" data-id=\"579c67f\" data-element_type=\"container\" id=\"section_3\" data-settings=\"{&quot;background_background&quot;:&quot;classic&quot;,&quot;jet_parallax_layout_list&quot;:[]}\">\n\t\t\t\t\t<div class=\"e-con-inner\">\n\t\t\t\t<div class=\"elementor-element elementor-element-546144d elementor-invisible elementor-widget elementor-widget-heading\" data-id=\"546144d\" data-element_type=\"widget\" data-settings=\"{&quot;_animation&quot;:&quot;fadeIn&quot;}\" data-widget_type=\"heading.default\">\n\t\t\t\t<div class=\"elementor-widget-container\">\n\t\t\t\t\t<h2 class=\"elementor-heading-title elementor-size-default\">Nuestra estrategia\n<\/h2>\t\t\t\t<\/div>\n\t\t\t\t<\/div>\n\t\t<div class=\"elementor-element elementor-element-81cddb5 e-con-full e-flex e-con e-child\" data-id=\"81cddb5\" data-element_type=\"container\" data-settings=\"{&quot;jet_parallax_layout_list&quot;:[]}\">\n\t\t<div class=\"elementor-element elementor-element-8847328 e-con-full sec e-flex elementor-invisible e-con e-child\" data-id=\"8847328\" data-element_type=\"container\" data-settings=\"{&quot;jet_parallax_layout_list&quot;:[],&quot;animation&quot;:&quot;fadeIn&quot;}\">\n\t\t\t\t<div class=\"elementor-element elementor-element-36689fe elementor-icon-list--layout-traditional elementor-list-item-link-full_width elementor-widget elementor-widget-icon-list\" data-id=\"36689fe\" data-element_type=\"widget\" data-widget_type=\"icon-list.default\">\n\t\t\t\t<div class=\"elementor-widget-container\">\n\t\t\t\t\t\t\t<ul class=\"elementor-icon-list-items\">\n\t\t\t\t\t\t\t<li class=\"elementor-icon-list-item\">\n\t\t\t\t\t\t\t\t\t\t\t<span class=\"elementor-icon-list-icon\">\n\t\t\t\t\t\t\t<svg xmlns=\"http:\/\/www.w3.org\/2000\/svg\" viewBox=\"0 0 48 48\"><g><g id=\"Capa_1\"><path d=\"M34.3,22.5c-2,0-3.7-1.7-3.7-3.7s1.7-3.7,3.7-3.7,3.7,1.7,3.7,3.7c0,2-1.7,3.7-3.7,3.7ZM34.3,16.6c-1.2,0-2.2,1-2.2,2.2s1,2.2,2.2,2.2,2.2-1,2.2-2.2-1-2.2-2.2-2.2Z\"><\/path><path d=\"M13.6,22.5c-2,0-3.7-1.7-3.7-3.7s1.7-3.7,3.7-3.7,3.7,1.7,3.7,3.7c0,2-1.7,3.7-3.7,3.7ZM13.6,16.6c-1.2,0-2.2,1-2.2,2.2s1,2.2,2.2,2.2,2.2-1,2.2-2.2-1-2.2-2.2-2.2Z\"><\/path><path d=\"M38.8,27.3l7-6.4c.8-.8.9-2.1.1-2.9-.8-.8-2-.9-2.9-.2l-5.3,4.7h-7.5l-5.6,6.8V10.7h7.4v3h12.2l-1.8-4.4,1.8-4.4h-8.5V1.8h-12.6v27.5l-5.6-6.8h-7.5l-5.3-4.7c-.9-.7-2.1-.7-2.9.2-.8.8-.7,2.1.1,2.9l7.1,6.4v17.4H1.8v1.5h44.4v-1.5h-7.4v-17.4ZM35.8,6.3h6.3l-1.2,3,1.2,3h-8.5v-1.5h2.2v-4.4ZM24.7,3.3h9.6v5.9h-9.6V3.3ZM16.6,44.7h-2.2v-10.4h-1.5v10.4h-2.2v-18.1l-7.5-6.8c-.2-.2-.2-.5,0-.8,0-.1.2-.2.4-.3.2,0,.3,0,.5.1l5.7,5.1h7.3l5.5,6.7c.2.3.2.6,0,.8-.3.2-.6.2-.8,0l-5-5.8v19ZM29.9,44.7h-11.8v-15l2.4,2.8c.7.8,1.9,1,2.7.4,0,0,0,0,0,0v6h1.5v-6s0,0,0,0c.9.6,2,.4,2.7-.4l2.4-2.8v15ZM37.3,44.7h-2.2v-10.4h-1.5v10.4h-2.2v-19l-5,5.8c-.2.2-.5.3-.8.1-.1,0-.2-.2-.3-.4,0-.2,0-.3.1-.5l5.5-6.7h7.3l5.7-5.1c.1-.1.3-.2.5-.1.2,0,.3.1.4.3.2.2.1.6,0,.8l-7.5,6.8v18.1Z\"><\/path><\/g><\/g><\/svg>\t\t\t\t\t\t<\/span>\n\t\t\t\t\t\t\t\t\t\t<span class=\"elementor-icon-list-text\">Misi\u00f3n<\/span>\n\t\t\t\t\t\t\t\t\t<\/li>\n\t\t\t\t\t\t<\/ul>\n\t\t\t\t\t\t<\/div>\n\t\t\t\t<\/div>\n\t\t\t\t<div class=\"elementor-element elementor-element-91fe5bb tx elementor-widget elementor-widget-text-editor\" data-id=\"91fe5bb\" data-element_type=\"widget\" data-widget_type=\"text-editor.default\">\n\t\t\t\t<div class=\"elementor-widget-container\">\n\t\t\t\t\t\t\t\t\t<p>Proporcionar soluciones de reciclaje eficientes que reduzcan residuos, promuevan la reutilizaci\u00f3n de materiales y que contribuyan a la conservaci\u00f3n del planeta para la generaciones futuras.<\/p>\t\t\t\t\t\t\t\t<\/div>\n\t\t\t\t<\/div>\n\t\t\t\t<\/div>\n\t\t<div class=\"elementor-element elementor-element-8acf0af e-con-full sec e-flex elementor-invisible e-con e-child\" data-id=\"8acf0af\" data-element_type=\"container\" data-settings=\"{&quot;jet_parallax_layout_list&quot;:[],&quot;animation&quot;:&quot;fadeIn&quot;,&quot;animation_delay&quot;:200}\">\n\t\t\t\t<div class=\"elementor-element elementor-element-af87ab2 elementor-icon-list--layout-traditional elementor-list-item-link-full_width elementor-widget elementor-widget-icon-list\" data-id=\"af87ab2\" data-element_type=\"widget\" data-widget_type=\"icon-list.default\">\n\t\t\t\t<div class=\"elementor-widget-container\">\n\t\t\t\t\t\t\t<ul class=\"elementor-icon-list-items\">\n\t\t\t\t\t\t\t<li class=\"elementor-icon-list-item\">\n\t\t\t\t\t\t\t\t\t\t\t<span class=\"elementor-icon-list-icon\">\n\t\t\t\t\t\t\t<svg xmlns=\"http:\/\/www.w3.org\/2000\/svg\" viewBox=\"0 0 48 48\"><g><g id=\"Capa_1\"><path d=\"M37.1,43.7c-.5,0-.9-.4-.9-.9v-8.5c0-1.8.5-3.5,1.5-4.9,1.7-2.5,2.6-5.4,2.6-8.5,0-8.2-6.7-15-15-15s-4.3.5-6.4,1.4c-4.7,2.3-8,6.9-8.5,12,0,.6,0,1.2,0,1.8,0,1.6-.3,3.2-1,4.8l-1.8,4.3c0,.1,0,.2,0,.2,0,0,0,.1.2.2l2.2.6c.8.2,1.3.9,1.5,1.7l.9,5.8s0,0,0,.1c0,.9.7,1.6,1.6,1.6h5.4c2.1,0,3.8-1.7,3.8-3.8s.4-.9.9-.9.9.4.9.9c0,3-2.5,5.5-5.5,5.5h-5.4c-1.8,0-3.2-1.4-3.3-3.2l-.9-5.8c0-.1-.1-.2-.2-.3l-2.2-.6c-.6-.2-1-.5-1.3-1.1-.3-.5-.3-1.1,0-1.7l1.8-4.3c.6-1.4.9-2.8.8-4.1,0-.7,0-1.3,0-2,.5-5.7,4.2-10.9,9.5-13.4,2.3-1.1,4.6-1.6,7.1-1.6,9.2,0,16.8,7.5,16.8,16.7s-1,6.7-2.9,9.5c-.8,1.1-1.2,2.5-1.2,4v8.5c0,.5-.4.9-.9.9Z\"><\/path><path d=\"M28.7,30.4c-1.8,0-3.2-.4-3.3-.5-.3,0-.5-.3-.6-.6-.8-3.4-.3-6.2,1.4-8.4,3.3-4.2,10-4.4,10.3-4.4h0c.4,0,.8.3.9.8.4,5.5-.8,9.3-3.4,11.4-1.7,1.3-3.6,1.7-5.2,1.7ZM26.3,28.4c1.2.3,4.3.8,6.5-1,2-1.6,3-4.7,2.8-9.1-1.8.2-5.9.9-8.1,3.7-1.3,1.6-1.7,3.8-1.2,6.4Z\"><\/path><path d=\"M20.2,31.1c-1.2,0-2.6-.3-3.8-1.2-1.9-1.5-2.8-4.3-2.5-8.2,0-.5.5-.8.9-.8.2,0,5,.1,7.4,3.2,1.3,1.6,1.6,3.6,1.1,6.1,0,.3-.3.5-.6.6,0,0-1.1.4-2.4.4ZM15.5,22.7c0,2.9.5,4.9,1.9,5.9,1.4,1.1,3.3.9,4.2.7.3-1.7,0-3.1-.8-4.2-1.4-1.7-3.9-2.3-5.3-2.4Z\"><\/path><path d=\"M24,37.6c-.5,0-.9-.4-.9-.9,0-10.6,7.4-15.5,7.7-15.7.4-.3.9-.1,1.2.3.3.4.1.9-.3,1.2-.1,0-7,4.7-7,14.3s-.4.9-.9.9Z\"><\/path><path d=\"M24,37.6c-.5,0-.9-.4-.9-.9,0-7.8-4.8-9.5-4.8-9.5-.5-.1-.7-.6-.5-1.1.1-.4.6-.7,1.1-.5.2,0,6,2.1,6,11.1s-.4.9-.9.9Z\"><\/path><\/g><\/g><\/svg>\t\t\t\t\t\t<\/span>\n\t\t\t\t\t\t\t\t\t\t<span class=\"elementor-icon-list-text\">Filosof\u00eda<\/span>\n\t\t\t\t\t\t\t\t\t<\/li>\n\t\t\t\t\t\t<\/ul>\n\t\t\t\t\t\t<\/div>\n\t\t\t\t<\/div>\n\t\t\t\t<div class=\"elementor-element elementor-element-97ce276 tx elementor-widget elementor-widget-text-editor\" data-id=\"97ce276\" data-element_type=\"widget\" data-widget_type=\"text-editor.default\">\n\t\t\t\t<div class=\"elementor-widget-container\">\n\t\t\t\t\t\t\t\t\t<p>En <strong>Materium SL, <\/strong>creemos en el poder de la innovaci\u00f3n, la integridad y el compromiso con la excelencia.<br \/><br \/>Nuestra filosof\u00eda se basa en construir relaciones de confianza con nuestros colaboradores, proveedores, clientes,\u00a0y la comunidad, promoviendo un enfoque sostenible y responsable en todas nuestras acciones.<br \/><br \/>Nos guiamos por la convicci\u00f3n de que cada desaf\u00edo es una oportunidad para crecer y hacer una diferencia\u00a0positiva en el mundo.<\/p>\t\t\t\t\t\t\t\t<\/div>\n\t\t\t\t<\/div>\n\t\t\t\t<\/div>\n\t\t<div class=\"elementor-element elementor-element-d363ea6 e-con-full sec e-flex elementor-invisible e-con e-child\" data-id=\"d363ea6\" data-element_type=\"container\" data-settings=\"{&quot;jet_parallax_layout_list&quot;:[],&quot;animation&quot;:&quot;fadeIn&quot;,&quot;animation_delay&quot;:400}\">\n\t\t\t\t<div class=\"elementor-element elementor-element-c2b5f4c elementor-icon-list--layout-traditional elementor-list-item-link-full_width elementor-widget elementor-widget-icon-list\" data-id=\"c2b5f4c\" data-element_type=\"widget\" data-widget_type=\"icon-list.default\">\n\t\t\t\t<div class=\"elementor-widget-container\">\n\t\t\t\t\t\t\t<ul class=\"elementor-icon-list-items\">\n\t\t\t\t\t\t\t<li class=\"elementor-icon-list-item\">\n\t\t\t\t\t\t\t\t\t\t\t<span class=\"elementor-icon-list-icon\">\n\t\t\t\t\t\t\t<svg xmlns=\"http:\/\/www.w3.org\/2000\/svg\" xmlns:xlink=\"http:\/\/www.w3.org\/1999\/xlink\" viewBox=\"0 0 41 30\"><defs><style>      .cls-1 {        fill: none;      }      .cls-2 {        clip-path: url(#clippath);      }    <\/style><clipPath id=\"clippath\"><rect class=\"cls-1\" width=\"41\" height=\"30\"><\/rect><\/clipPath><\/defs><g><g id=\"Capa_1\"><g class=\"cls-2\"><g><path d=\"M37.8,35.8h-.7V13.6c0-.4-.3-.6-.6-.6h-6.4c-.4,0-.6.3-.6.6v22.2h-1.2v-17.2c0-.4-.3-.6-.6-.6h-6.4c-.4,0-.6.3-.6.6v17.2h-1.3v-12.1c0-.4-.3-.6-.6-.6h-6.4c-.4,0-.6.3-.6.6v12.1h-1.3v-7c0-.4-.3-.6-.6-.6H3.5c-.4,0-.6.3-.6.6v7h-.6c-.4,0-.6.3-.6.6s.3.6.6.6h35.6c.4,0,.6-.3.6-.6s-.3-.6-.6-.6ZM4.2,35.8v-6.4h5.1v6.4h-5.1ZM13.1,35.8v-11.4h5.1v11.4h-5.1ZM22,35.8v-16.5h5.1v16.5h-5.1ZM30.8,35.8V14.2h5.1v21.6h-5.1Z\"><\/path><path d=\"M28.9,6.9c0,.2,0,.5.2.7l1.7,1.7-.4,2.3c0,.2,0,.5.3.6.2.1.5.2.7,0l2.1-1.1,2.1,1.1c.2.1.5,0,.7,0,.2-.1.3-.4.3-.6l-.4-2.3,1.7-1.7c.2-.2.2-.4.2-.7,0-.2-.3-.4-.5-.4l-2.3-.3-1-2.1c-.2-.4-.9-.4-1.1,0l-1,2.1-2.3.3c-.2,0-.4.2-.5.4ZM32.2,7.4c.2,0,.4-.2.5-.3l.6-1.3.6,1.3c0,.2.3.3.5.3l1.4.2-1,1c-.1.1-.2.4-.2.6l.2,1.4s-1.2-.7-1.3-.7c-.2,0-.4,0-.6,0l-1.3.7.2-1.4c0-.2,0-.4-.2-.6l-1-1,1.4-.2Z\"><\/path><path d=\"M33.4,2.8c.4,0,.6-.3.6-.6V.9c0-.4-.3-.6-.6-.6s-.6.3-.6.6v1.3c0,.4.3.6.6.6Z\"><\/path><path d=\"M37.1,4c.2,0,.4,0,.5-.3l.7-1c.2-.3.1-.7-.1-.9-.3-.2-.7-.1-.9.1,0,0-.7,1-.7,1-.3.4,0,1,.5,1Z\"><\/path><path d=\"M29.2,3.7c.2.3.6.4.9.1.3-.2.4-.6.1-.9l-.7-1c-.2-.3-.6-.4-.9-.1-.3.2-.4.6-.1.9l.7,1Z\"><\/path><path d=\"M21.4,11.7h1.4c0,.1-10.5,5.3-10.5,5.3-.3.2-.4.5-.3.9.1.3.5.4.9.3l10.5-5.1-.8,1.2c-.2.3-.1.7.2.9.3.2.7.1.9-.2,0,0,2-3.1,2-3.1.1-.2.1-.4,0-.6,0-.2-.3-.3-.5-.4l-3.7-.3c-.4,0-.7.2-.7.6,0,.3.2.7.6.7Z\"><\/path><path d=\"M10,18.1l-.6.3c-.3.2-.4.5-.3.8.1.3.5.4.8.3l.6-.3c.3-.2.4-.5.3-.8-.2-.3-.5-.4-.8-.3Z\"><\/path><path d=\"M7.2,19.5l-.6.3c-.3.2-.4.5-.3.8.2.3.5.4.8.3l.6-.3c.3-.2.4-.5.3-.9-.2-.3-.5-.4-.8-.3Z\"><\/path><\/g><\/g><\/g><\/g><\/svg>\t\t\t\t\t\t<\/span>\n\t\t\t\t\t\t\t\t\t\t<span class=\"elementor-icon-list-text\">Visi\u00f3n<\/span>\n\t\t\t\t\t\t\t\t\t<\/li>\n\t\t\t\t\t\t<\/ul>\n\t\t\t\t\t\t<\/div>\n\t\t\t\t<\/div>\n\t\t\t\t<div class=\"elementor-element elementor-element-a33c456 tx elementor-widget elementor-widget-text-editor\" data-id=\"a33c456\" data-element_type=\"widget\" data-widget_type=\"text-editor.default\">\n\t\t\t\t<div class=\"elementor-widget-container\">\n\t\t\t\t\t\t\t\t\t<p>Ser una de las principales opciones de las industrias en materia de reciclaje, impulsando un futuro m\u00e1s limpio, en donde los residuos se conviertan en recursos valiosos.<\/p>\t\t\t\t\t\t\t\t<\/div>\n\t\t\t\t<\/div>\n\t\t\t\t<\/div>\n\t\t\t\t<\/div>\n\t\t\t\t\t<\/div>\n\t\t\t\t<\/div>\n\t\t<div class=\"elementor-element elementor-element-406184f e-flex e-con-boxed e-con e-parent\" data-id=\"406184f\" data-element_type=\"container\" data-settings=\"{&quot;jet_parallax_layout_list&quot;:[]}\">\n\t\t\t\t\t<div class=\"e-con-inner\">\n\t\t\t\t<div class=\"elementor-element elementor-element-e256d71 elementor-hidden-mobile elementor-widget elementor-widget-jet-scroll-navigation\" data-id=\"e256d71\" data-element_type=\"widget\" data-widget_type=\"jet-scroll-navigation.default\">\n\t\t\t\t<div class=\"elementor-widget-container\">\n\t\t\t\t\t<div class=\"elementor-jet-scroll-navigation jet-elements\"><div class=\"jet-scroll-navigation jet-scroll-navigation--position-right jet-scroll-navigation--show-active-hint\" data-settings='{&quot;position&quot;:&quot;right&quot;,&quot;speed&quot;:500,&quot;offset&quot;:0,&quot;sectionSwitch&quot;:true,&quot;sectionSwitchOnMobile&quot;:true,&quot;hintShowType&quot;:&quot;show-active-hint&quot;,&quot;sectionIdVisibility&quot;:true}'><div class=\"jet-scroll-navigation__inner\">\n<div class=\"jet-scroll-navigation__item\" data-anchor=\"section_1\" data-invert=\"no\">\n\t<div class=\"jet-scroll-navigation__dot\">\t<\/div>\n\t<div class=\"jet-scroll-navigation__item-hint\"><span class=\"jet-scroll-navigation__label\">Section 1<\/span>\t<\/div>\n<\/div>\n\n<div class=\"jet-scroll-navigation__item\" data-anchor=\"section_2\" data-invert=\"no\">\n\t<div class=\"jet-scroll-navigation__dot\">\t<\/div>\n\t<div class=\"jet-scroll-navigation__item-hint\"><span class=\"jet-scroll-navigation__label\">Section 2<\/span>\t<\/div>\n<\/div>\n\n<div class=\"jet-scroll-navigation__item\" data-anchor=\"section_3\" data-invert=\"no\">\n\t<div class=\"jet-scroll-navigation__dot\">\t<\/div>\n\t<div class=\"jet-scroll-navigation__item-hint\"><span class=\"jet-scroll-navigation__label\">Section 3<\/span>\t<\/div>\n<\/div>\n\n<div class=\"jet-scroll-navigation__item\" data-anchor=\"section_4\" data-invert=\"no\">\n\t<div class=\"jet-scroll-navigation__dot\">\t<\/div>\n\t<div class=\"jet-scroll-navigation__item-hint\"><span class=\"jet-scroll-navigation__label\">Section 4<\/span>\t<\/div>\n<\/div>\n\n<div class=\"jet-scroll-navigation__item\" data-anchor=\"section_5\" data-invert=\"no\">\n\t<div class=\"jet-scroll-navigation__dot\">\t<\/div>\n\t<div class=\"jet-scroll-navigation__item-hint\"><span class=\"jet-scroll-navigation__label\">Section 5<\/span>\t<\/div>\n<\/div>\n\n<div class=\"jet-scroll-navigation__item\" data-anchor=\"section_6\" data-invert=\"no\">\n\t<div class=\"jet-scroll-navigation__dot\">\t<\/div>\n\t<div class=\"jet-scroll-navigation__item-hint\"><span class=\"jet-scroll-navigation__label\">Section 6<\/span>\t<\/div>\n<\/div>\n\n<div class=\"jet-scroll-navigation__item\" data-anchor=\"section_7\" data-invert=\"no\">\n\t<div class=\"jet-scroll-navigation__dot\">\t<\/div>\n\t<div class=\"jet-scroll-navigation__item-hint\"><span class=\"jet-scroll-navigation__label\">Section 7<\/span>\t<\/div>\n<\/div>\n\n<\/div>\n<\/div>\n<\/div>\t\t\t\t<\/div>\n\t\t\t\t<\/div>\n\t\t\t\t\t<\/div>\n\t\t\t\t<\/div>\n\t\t\t\t<\/div>\n\t\t","protected":false},"excerpt":{"rendered":"<p>Estimados socios, clientes y miembros de la comunidad: Estamos orgullosos de anunciar el lanzamiento de Materium SL, una empresa dedicada a la comercializaci\u00f3n de productos de reciclaje a gran escala y en consecuencia a la preservaci\u00f3n de nuestro medio ambiente. Gracias a esta nueva ubicaci\u00f3n, podremos ofrecer nuestros servicios y productos reciclados con mayor proximidad [&hellip;]<\/p>\n","protected":false},"author":1,"featured_media":0,"parent":0,"menu_order":0,"comment_status":"closed","ping_status":"closed","template":"","meta":{"footnotes":""},"class_list":["post-17","page","type-page","status-publish","hentry"],"_links":{"self":[{"href":"https:\/\/materium.es\/es\/wp-json\/wp\/v2\/pages\/17","targetHints":{"allow":["GET"]}}],"collection":[{"href":"https:\/\/materium.es\/es\/wp-json\/wp\/v2\/pages"}],"about":[{"href":"https:\/\/materium.es\/es\/wp-json\/wp\/v2\/types\/page"}],"author":[{"embeddable":true,"href":"https:\/\/materium.es\/es\/wp-json\/wp\/v2\/users\/1"}],"replies":[{"embeddable":true,"href":"https:\/\/materium.es\/es\/wp-json\/wp\/v2\/comments?post=17"}],"version-history":[{"count":88,"href":"https:\/\/materium.es\/es\/wp-json\/wp\/v2\/pages\/17\/revisions"}],"predecessor-version":[{"id":1334,"href":"https:\/\/materium.es\/es\/wp-json\/wp\/v2\/pages\/17\/revisions\/1334"}],"wp:attachment":[{"href":"https:\/\/materium.es\/es\/wp-json\/wp\/v2\/media?parent=17"}],"curies":[{"name":"wp","href":"https:\/\/api.w.org\/{rel}","templated":true}]}}